{"id":11733,"date":"2025-09-18T19:01:18","date_gmt":"2025-09-18T19:01:18","guid":{"rendered":"https:\/\/hotelokeanis.gr\/?page_id=11733"},"modified":"2025-09-18T19:04:11","modified_gmt":"2025-09-18T19:04:11","slug":"milli-park","status":"publish","type":"page","link":"https:\/\/hotelokeanis.gr\/index.php\/tr\/milli-park\/","title":{"rendered":"Milli park"},"content":{"rendered":"\t\t<div data-elementor-type=\"wp-page\" data-elementor-id=\"11733\" class=\"elementor elementor-11733\">\n\t\t\t\t\t\t\t\t\t<section class=\"wd-negative-gap elementor-section elementor-top-section elementor-element elementor-element-15be4fc elementor-section-boxed elementor-section-height-default elementor-section-height-default wd-section-disabled\" data-id=\"15be4fc\" data-element_type=\"section\">\n\t\t\t\t\t\t<div class=\"elementor-container elementor-column-gap-default\">\n\t\t\t\t\t<div class=\"elementor-column elementor-col-100 elementor-top-column elementor-element elementor-element-e82fbd5\" data-id=\"e82fbd5\" data-element_type=\"column\">\n\t\t\t<div class=\"elementor-widget-wrap elementor-element-populated\">\n\t\t\t\t\t\t\t\t<div class=\"elementor-element elementor-element-796ded8 elementor-widget elementor-widget-wd_image_or_svg\" data-id=\"796ded8\" data-element_type=\"widget\" data-widget_type=\"wd_image_or_svg.default\">\n\t\t\t\t<div class=\"elementor-widget-container\">\n\t\t\t\n\t\t<div class=\"wd-image text-left\">\n\t\t\t\t\t\t\t\t<img loading=\"lazy\" decoding=\"async\" width=\"1900\" height=\"437\" src=\"https:\/\/hotelokeanis.gr\/wp-content\/uploads\/2025\/09\/MicrosoftTeams-image-2-e1662383629173.jpg\" class=\"attachment-full size-full\" alt=\"\" srcset=\"https:\/\/hotelokeanis.gr\/wp-content\/uploads\/2025\/09\/MicrosoftTeams-image-2-e1662383629173.jpg 1900w, https:\/\/hotelokeanis.gr\/wp-content\/uploads\/2025\/09\/MicrosoftTeams-image-2-e1662383629173-400x92.jpg 400w, https:\/\/hotelokeanis.gr\/wp-content\/uploads\/2025\/09\/MicrosoftTeams-image-2-e1662383629173-1300x299.jpg 1300w, https:\/\/hotelokeanis.gr\/wp-content\/uploads\/2025\/09\/MicrosoftTeams-image-2-e1662383629173-768x177.jpg 768w, https:\/\/hotelokeanis.gr\/wp-content\/uploads\/2025\/09\/MicrosoftTeams-image-2-e1662383629173-1536x353.jpg 1536w, https:\/\/hotelokeanis.gr\/wp-content\/uploads\/2025\/09\/MicrosoftTeams-image-2-e1662383629173-1320x304.jpg 1320w\" sizes=\"auto, (max-width: 1900px) 100vw, 1900px\" \/>\t\t\t\t\t<\/div>\n\n\t\t\t\t<\/div>\n\t\t\t\t<\/div>\n\t\t\t\t\t<\/div>\n\t\t<\/div>\n\t\t\t\t\t\t\t<\/div>\n\t\t<\/section>\n\t\t\t\t<section class=\"wd-negative-gap elementor-section elementor-top-section elementor-element elementor-element-358f598 elementor-section-boxed elementor-section-height-default elementor-section-height-default wd-section-disabled\" data-id=\"358f598\" data-element_type=\"section\">\n\t\t\t\t\t\t<div class=\"elementor-container elementor-column-gap-default\">\n\t\t\t\t\t<div class=\"elementor-column elementor-col-100 elementor-top-column elementor-element elementor-element-f2c589c\" data-id=\"f2c589c\" data-element_type=\"column\">\n\t\t\t<div class=\"elementor-widget-wrap elementor-element-populated\">\n\t\t\t\t\t\t\t\t<div class=\"elementor-element elementor-element-f956cef elementor-widget elementor-widget-wd_title\" data-id=\"f956cef\" data-element_type=\"widget\" data-widget_type=\"wd_title.default\">\n\t\t\t\t<div class=\"elementor-widget-container\">\n\t\t\t\t\t\t<link rel=\"stylesheet\" id=\"wd-section-title-css\" href=\"https:\/\/hotelokeanis.gr\/wp-content\/themes\/woodmart\/css\/parts\/el-section-title.min.css?ver=7.0.3\" type=\"text\/css\" media=\"all\" \/> \t\t\t\t\t<div class=\"title-wrapper set-mb-s reset-last-child wd-title-color-default wd-title-style-default wd-title-size-default text-center\">\n\n\t\t\t\n\t\t\t<div class=\"liner-continer\">\n\t\t\t\t<h4 class=\"woodmart-title-container title wd-fontsize-l\">DADIA-LEFKIMI-SOUFLI M\u0130LL\u0130 PARKI ORMANI<\/h4> \n\t\t\t\t\t\t\t<\/div>\n\n\t\t\t\t\t<\/div>\n\t\t\t\t<\/div>\n\t\t\t\t<\/div>\n\t\t\t\t\t<\/div>\n\t\t<\/div>\n\t\t\t\t\t\t\t<\/div>\n\t\t<\/section>\n\t\t\t\t<section class=\"wd-negative-gap elementor-section elementor-top-section elementor-element elementor-element-93f7661 elementor-section-boxed elementor-section-height-default elementor-section-height-default wd-section-disabled\" data-id=\"93f7661\" data-element_type=\"section\">\n\t\t\t\t\t\t<div class=\"elementor-container elementor-column-gap-default\">\n\t\t\t\t\t<div class=\"elementor-column elementor-col-100 elementor-top-column elementor-element elementor-element-8a6ccaf\" data-id=\"8a6ccaf\" data-element_type=\"column\">\n\t\t\t<div class=\"elementor-widget-wrap elementor-element-populated\">\n\t\t\t\t\t\t\t\t<div class=\"elementor-element elementor-element-238f316 elementor-widget elementor-widget-wd_text_block\" data-id=\"238f316\" data-element_type=\"widget\" data-widget_type=\"wd_text_block.default\">\n\t\t\t\t<div class=\"elementor-widget-container\">\n\t\t\t\t\t\t<link rel=\"stylesheet\" id=\"wd-text-block-css\" href=\"https:\/\/hotelokeanis.gr\/wp-content\/themes\/woodmart\/css\/parts\/el-text-block.min.css?ver=7.0.3\" type=\"text\/css\" media=\"all\" \/> \t\t\t\t\t<div class=\"wd-text-block reset-last-child text-left\">\n\t\t\t\n\t\t\t\n\t\t\t\t\t<\/div>\n\t\t\t\t<\/div>\n\t\t\t\t<\/div>\n\t\t\t\t\t<link rel=\"stylesheet\" id=\"wd-int-el-animations-css\" href=\"https:\/\/hotelokeanis.gr\/wp-content\/themes\/woodmart\/css\/parts\/int-elem-el-animations.min.css?ver=7.0.3\" type=\"text\/css\" media=\"all\" \/> \t\t\t\t\t<div class=\"elementor-element elementor-element-ec276bc elementor-invisible elementor-widget elementor-widget-wd_text_block\" data-id=\"ec276bc\" data-element_type=\"widget\" data-settings=\"{&quot;_animation&quot;:&quot;fadeInRight&quot;}\" data-widget_type=\"wd_text_block.default\">\n\t\t\t\t<div class=\"elementor-widget-container\">\n\t\t\t\t\t<div class=\"wd-text-block reset-last-child text-left\">\n\t\t\t\n\t\t\t<p>Evros \u0130li'ndeki Rodop S\u0131rada\u011flar\u0131'n\u0131n g\u00fcneydo\u011fu ucunda, iki k\u0131tan\u0131n kesi\u015fim noktas\u0131nda yer al\u0131r ve Balkan Yar\u0131madas\u0131, Asya ve Avrupa'n\u0131n bir\u00e7ok flora ve fauna t\u00fcr\u00fcn\u00fcn bir arada ya\u015fad\u0131\u011f\u0131 jeofiziksel bir aland\u0131r.<\/p><p>Avrupa'da bu kadar \u00e7ok farkl\u0131 y\u0131rt\u0131c\u0131 ku\u015f t\u00fcr\u00fcn\u00fcn bir arada ya\u015fad\u0131\u011f\u0131 ve Avrupa'daki d\u00f6rt akbaba t\u00fcr\u00fcnden \u00fc\u00e7\u00fcn\u00fcn (kara akbaba, k\u0131z\u0131l akbaba, M\u0131s\u0131r akbabas\u0131) ayn\u0131 anda bulundu\u011fu nadir b\u00f6lgelerden biridir.<\/p><p>Batakl\u0131k ormanlar\u0131, kayal\u0131k \u00e7\u0131k\u0131nt\u0131lar, orman\u0131n i\u00e7ine da\u011f\u0131lm\u0131\u015f \u00e7ay\u0131rlar ve tarlalar ile zengin k\u0131y\u0131 bitki \u00f6rt\u00fcs\u00fcne sahip \u00e7ok say\u0131da akarsu, bir\u00e7ok farkl\u0131 t\u00fcr i\u00e7in yuvalama ve beslenme i\u00e7in uygun ya\u015fam alanlar\u0131 sunar.<\/p><p>Dadia - Lefkimi - Soufli Milli Orman Park\u0131'n\u0131n patikalar\u0131nda, orman\u0131n s\u0131rlar\u0131n\u0131 yak\u0131ndan ke\u015ffetme ve muhte\u015fem manzaralar\u0131n tad\u0131n\u0131 \u00e7\u0131karma f\u0131rsat\u0131 bulacaks\u0131n\u0131z. Patikalar, zorluk seviyesi, seyahat s\u00fcresi ve ilgi \u00e7ekici noktalar a\u00e7\u0131s\u0131ndan farkl\u0131l\u0131k g\u00f6sterir.<\/p><p>Milli Orman'da, b\u00f6lgedeki do\u011fan\u0131n korunmas\u0131n\u0131, ekoturizmi te\u015fvik etmeyi ve Dadia Orman\u0131'n\u0131n ekolojik de\u011ferleri hakk\u0131nda halk\u0131 bilgilendirmeyi ve bilin\u00e7lendirmeyi ama\u00e7layan bir Bilgi Merkezi faaliyet g\u00f6stermektedir.<\/p><p>Her g\u00fcn (hafta sonlar\u0131 ve tatiller dahil) 08:00 - 16:00 saatleri aras\u0131nda hizmet vermektedir. Merkez b\u00fcnyesinde, korunan alan hakk\u0131nda foto\u011fraf ve bilgilendirici materyallerin yer ald\u0131\u011f\u0131 bir sergi alan\u0131 bulunmaktad\u0131r.<\/p>\n\t\t\t\t\t<\/div>\n\t\t\t\t<\/div>\n\t\t\t\t<\/div>\n\t\t\t\t\t<\/div>\n\t\t<\/div>\n\t\t\t\t\t\t\t<\/div>\n\t\t<\/section>\n\t\t\t\t\t\t\t<\/div>\n\t\t","protected":false},"excerpt":{"rendered":"<p>DADIA-LEFKIMI-SOUFLI M\u0130LL\u0130 PARKI ORMANI Evros \u0130li&#8217;ndeki Rodop S\u0131rada\u011flar\u0131&#8217;n\u0131n g\u00fcneydo\u011fu ucunda, iki k\u0131tan\u0131n kesi\u015fim noktas\u0131nda yer al\u0131r ve Balkan Yar\u0131madas\u0131, Asya<\/p>\n","protected":false},"author":1,"featured_media":0,"parent":0,"menu_order":0,"comment_status":"closed","ping_status":"closed","template":"","meta":{"footnotes":""},"class_list":["post-11733","page","type-page","status-publish","hentry"],"_links":{"self":[{"href":"https:\/\/hotelokeanis.gr\/index.php\/wp-json\/wp\/v2\/pages\/11733","targetHints":{"allow":["GET"]}}],"collection":[{"href":"https:\/\/hotelokeanis.gr\/index.php\/wp-json\/wp\/v2\/pages"}],"about":[{"href":"https:\/\/hotelokeanis.gr\/index.php\/wp-json\/wp\/v2\/types\/page"}],"author":[{"embeddable":true,"href":"https:\/\/hotelokeanis.gr\/index.php\/wp-json\/wp\/v2\/users\/1"}],"replies":[{"embeddable":true,"href":"https:\/\/hotelokeanis.gr\/index.php\/wp-json\/wp\/v2\/comments?post=11733"}],"version-history":[{"count":4,"href":"https:\/\/hotelokeanis.gr\/index.php\/wp-json\/wp\/v2\/pages\/11733\/revisions"}],"predecessor-version":[{"id":11737,"href":"https:\/\/hotelokeanis.gr\/index.php\/wp-json\/wp\/v2\/pages\/11733\/revisions\/11737"}],"wp:attachment":[{"href":"https:\/\/hotelokeanis.gr\/index.php\/wp-json\/wp\/v2\/media?parent=11733"}],"curies":[{"name":"wp","href":"https:\/\/api.w.org\/{rel}","templated":true}]}}