{"id":11690,"date":"2025-09-18T09:20:15","date_gmt":"2025-09-18T09:20:15","guid":{"rendered":"https:\/\/hotelokeanis.gr\/?page_id=11690"},"modified":"2025-09-18T09:43:00","modified_gmt":"2025-09-18T09:43:00","slug":"dedeagac-turu","status":"publish","type":"page","link":"https:\/\/hotelokeanis.gr\/index.php\/tr\/dedeagac-turu\/","title":{"rendered":"Dedea\u011fa\u00e7 Turu"},"content":{"rendered":"\t\t<div data-elementor-type=\"wp-page\" data-elementor-id=\"11690\" class=\"elementor elementor-11690\">\n\t\t\t\t\t\t\t\t\t<section class=\"wd-negative-gap elementor-section elementor-top-section elementor-element elementor-element-15be4fc elementor-section-boxed elementor-section-height-default elementor-section-height-default wd-section-disabled\" data-id=\"15be4fc\" data-element_type=\"section\">\n\t\t\t\t\t\t<div class=\"elementor-container elementor-column-gap-default\">\n\t\t\t\t\t<div class=\"elementor-column elementor-col-100 elementor-top-column elementor-element elementor-element-e82fbd5\" data-id=\"e82fbd5\" data-element_type=\"column\">\n\t\t\t<div class=\"elementor-widget-wrap elementor-element-populated\">\n\t\t\t\t\t\t\t\t<div class=\"elementor-element elementor-element-796ded8 elementor-widget elementor-widget-wd_image_or_svg\" data-id=\"796ded8\" data-element_type=\"widget\" data-widget_type=\"wd_image_or_svg.default\">\n\t\t\t\t<div class=\"elementor-widget-container\">\n\t\t\t\n\t\t<div class=\"wd-image text-left\">\n\t\t\t\t\t\t\t\t<img loading=\"lazy\" decoding=\"async\" width=\"1900\" height=\"437\" src=\"https:\/\/hotelokeanis.gr\/wp-content\/uploads\/2025\/09\/MicrosoftTeams-image-2-e1662383629173.jpg\" class=\"attachment-full size-full\" alt=\"\" srcset=\"https:\/\/hotelokeanis.gr\/wp-content\/uploads\/2025\/09\/MicrosoftTeams-image-2-e1662383629173.jpg 1900w, https:\/\/hotelokeanis.gr\/wp-content\/uploads\/2025\/09\/MicrosoftTeams-image-2-e1662383629173-400x92.jpg 400w, https:\/\/hotelokeanis.gr\/wp-content\/uploads\/2025\/09\/MicrosoftTeams-image-2-e1662383629173-1300x299.jpg 1300w, https:\/\/hotelokeanis.gr\/wp-content\/uploads\/2025\/09\/MicrosoftTeams-image-2-e1662383629173-768x177.jpg 768w, https:\/\/hotelokeanis.gr\/wp-content\/uploads\/2025\/09\/MicrosoftTeams-image-2-e1662383629173-1536x353.jpg 1536w, https:\/\/hotelokeanis.gr\/wp-content\/uploads\/2025\/09\/MicrosoftTeams-image-2-e1662383629173-1320x304.jpg 1320w\" sizes=\"auto, (max-width: 1900px) 100vw, 1900px\" \/>\t\t\t\t\t<\/div>\n\n\t\t\t\t<\/div>\n\t\t\t\t<\/div>\n\t\t\t\t\t<\/div>\n\t\t<\/div>\n\t\t\t\t\t\t\t<\/div>\n\t\t<\/section>\n\t\t\t\t<section class=\"wd-negative-gap elementor-section elementor-top-section elementor-element elementor-element-535ceb0 elementor-section-content-middle elementor-section-boxed elementor-section-height-default elementor-section-height-default wd-section-disabled\" data-id=\"535ceb0\" data-element_type=\"section\">\n\t\t\t\t\t\t<div class=\"elementor-container elementor-column-gap-default\">\n\t\t\t\t\t<div class=\"elementor-column elementor-col-50 elementor-top-column elementor-element elementor-element-3839e96\" data-id=\"3839e96\" data-element_type=\"column\">\n\t\t\t<div class=\"elementor-widget-wrap elementor-element-populated\">\n\t\t\t\t\t\t\t\t\t<link rel=\"stylesheet\" id=\"wd-int-el-animations-css\" href=\"https:\/\/hotelokeanis.gr\/wp-content\/themes\/woodmart\/css\/parts\/int-elem-el-animations.min.css?ver=7.0.3\" type=\"text\/css\" media=\"all\" \/> \t\t\t\t\t<div class=\"elementor-element elementor-element-587e385 elementor-invisible elementor-widget elementor-widget-wd_image_or_svg\" data-id=\"587e385\" data-element_type=\"widget\" data-settings=\"{&quot;_animation&quot;:&quot;fadeInLeft&quot;}\" data-widget_type=\"wd_image_or_svg.default\">\n\t\t\t\t<div class=\"elementor-widget-container\">\n\t\t\t\n\t\t<div class=\"wd-image text-center\">\n\t\t\t\t\t\t\t\t<img loading=\"lazy\" decoding=\"async\" width=\"940\" height=\"788\" src=\"https:\/\/hotelokeanis.gr\/wp-content\/uploads\/2025\/09\/alexandroupoli-periigisi-photografia.jpg\" class=\"attachment-full size-full\" alt=\"\" srcset=\"https:\/\/hotelokeanis.gr\/wp-content\/uploads\/2025\/09\/alexandroupoli-periigisi-photografia.jpg 940w, https:\/\/hotelokeanis.gr\/wp-content\/uploads\/2025\/09\/alexandroupoli-periigisi-photografia-358x300.jpg 358w, https:\/\/hotelokeanis.gr\/wp-content\/uploads\/2025\/09\/alexandroupoli-periigisi-photografia-768x644.jpg 768w\" sizes=\"auto, (max-width: 940px) 100vw, 940px\" \/>\t\t\t\t\t<\/div>\n\n\t\t\t\t<\/div>\n\t\t\t\t<\/div>\n\t\t\t\t\t<\/div>\n\t\t<\/div>\n\t\t\t\t<div class=\"elementor-column elementor-col-50 elementor-top-column elementor-element elementor-element-ed791d9\" data-id=\"ed791d9\" data-element_type=\"column\">\n\t\t\t<div class=\"elementor-widget-wrap elementor-element-populated\">\n\t\t\t\t\t\t\t\t<div class=\"elementor-element elementor-element-c92eb8b elementor-widget__width-auto color-scheme-inherit text-left elementor-widget elementor-widget-text-editor\" data-id=\"c92eb8b\" data-element_type=\"widget\" data-widget_type=\"text-editor.default\">\n\t\t\t\t<div class=\"elementor-widget-container\">\n\t\t\t<style>\/*! elementor - v3.7.8 - 02-10-2022 *\/\n.elementor-widget-text-editor.elementor-drop-cap-view-stacked .elementor-drop-cap{background-color:#818a91;color:#fff}.elementor-widget-text-editor.elementor-drop-cap-view-framed .elementor-drop-cap{color:#818a91;border:3px solid;background-color:transparent}.elementor-widget-text-editor:not(.elementor-drop-cap-view-default) .elementor-drop-cap{margin-top:8px}.elementor-widget-text-editor:not(.elementor-drop-cap-view-default) .elementor-drop-cap-letter{width:1em;height:1em}.elementor-widget-text-editor .elementor-drop-cap{float:left;text-align:center;line-height:1;font-size:50px}.elementor-widget-text-editor .elementor-drop-cap-letter{display:inline-block}<\/style>\t\t\t\t<p>A<\/p>\t\t\t\t\t\t<\/div>\n\t\t\t\t<\/div>\n\t\t\t\t<div class=\"elementor-element elementor-element-f9ec215 elementor-invisible elementor-widget elementor-widget-wd_text_block\" data-id=\"f9ec215\" data-element_type=\"widget\" data-settings=\"{&quot;_animation&quot;:&quot;fadeInRight&quot;}\" data-widget_type=\"wd_text_block.default\">\n\t\t\t\t<div class=\"elementor-widget-container\">\n\t\t\t\t\t\t<link rel=\"stylesheet\" id=\"wd-text-block-css\" href=\"https:\/\/hotelokeanis.gr\/wp-content\/themes\/woodmart\/css\/parts\/el-text-block.min.css?ver=7.0.3\" type=\"text\/css\" media=\"all\" \/> \t\t\t\t\t<div class=\"wd-text-block reset-last-child text-left\">\n\t\t\t\n\t\t\t<p>Dedea\u011fa\u00e7 trakya\u2019n\u0131n ba\u015fkentdir ve m\u00fckkemeldir kalk\u0131\u015f yeri kim\u015fe geni\u015f b\u00f6lge tan\u0131mak i\u00e7in. Yakla\u015f\u0131k 70.000 n\u00fcfus var, sembol ile sehiri me\u015fhuru deniz feneri, y\u00fckseklik 27 meter, ve \u0131lk defa 1\u2019de haziran 1880\u2019\u0131 i\u015fledi.<\/p>\n\t\t\t\t\t<\/div>\n\t\t\t\t<\/div>\n\t\t\t\t<\/div>\n\t\t\t\t\t<\/div>\n\t\t<\/div>\n\t\t\t\t\t\t\t<\/div>\n\t\t<\/section>\n\t\t\t\t<section class=\"wd-negative-gap elementor-section elementor-top-section elementor-element elementor-element-a382312 elementor-section-boxed elementor-section-height-default elementor-section-height-default wd-section-disabled\" data-id=\"a382312\" data-element_type=\"section\">\n\t\t\t\t\t\t<div class=\"elementor-container elementor-column-gap-default\">\n\t\t\t\t\t<div class=\"elementor-column elementor-col-100 elementor-top-column elementor-element elementor-element-900a008\" data-id=\"900a008\" data-element_type=\"column\">\n\t\t\t<div class=\"elementor-widget-wrap elementor-element-populated\">\n\t\t\t\t\t\t\t\t<div class=\"elementor-element elementor-element-ce3f999 elementor-widget elementor-widget-wd_text_block\" data-id=\"ce3f999\" data-element_type=\"widget\" data-widget_type=\"wd_text_block.default\">\n\t\t\t\t<div class=\"elementor-widget-container\">\n\t\t\t\t\t<div class=\"wd-text-block reset-last-child text-left\">\n\t\t\t\n\t\t\t<div class=\"elementor-element elementor-element-740cd50 elementor-widget elementor-widget-text-editor animated fadeInLeft\" data-id=\"740cd50\" data-element_type=\"widget\" data-settings=\"{&quot;_animation&quot;:&quot;fadeInLeft&quot;}\" data-widget_type=\"text-editor.default\"><div class=\"elementor-widget-container\"><p>Sehir ananevini ve yenilik\u00e7ili\u011fi, sehir rahat\u0131 ve e\u011flenceni, sehir denizi ve turizm. Yerini bo\u011fum, Avrupa ila Asya birle\u015ftiriyor, bat\u0131 ve do\u011fu ve b\u00f6yle ileti\u015fimi dunyala ve bakiyeni Yunanistan her ile yordam kara, denizi ve hava.<\/p><p>Dedea\u011fa\u00e7 tekrar k\u00fc\u00e7\u00fck bir par\u00e7a cazibe ba\u015flangi\u00e7taki bal\u0131k\u00e7\u0131 teknesi belde. Ger\u00e7ek tecr\u00fcbedir mezat bal\u0131klar topikte bal\u0131k pazar\u0131, bal\u0131k\u00e7\u0131l\u0131klar biri sonra di\u011feri ambarlarlar\u0131n\u0131z dolular ula\u015f\u0131yor olan.<\/p><p>Fakatd\u0131r bir \u00f6zel diri \u015fehir, \u00e7\u00fcnk\u00fc ticaretlerini eylemer ve 3.500 \u00fcniversite \u00f6\u011frenci. Midesine d\u00fc\u015fk\u00fcnlerin i\u00e7in sunuyor ve gece ya\u015fam\u0131 kalabal\u0131k ila ma\u011fazlar hepsi ile be\u011feniler, \u00e7ok yak\u0131n k\u0131y\u0131da ve ticaret merkezi<\/p><p>Har\u0131\u00e7 k\u0131y\u0131ndan cadde, Mitropoleos meydan hayran olabiliyorsunuz yap\u0131lar etrafini \u00e7evirdiklerini, ama ve Ermi\u015f Nikolaos kilise etkiledi\u011fini.<\/p><p>Kiliseni biriden \u00e7er\u00e7eveliyorlar, e\u015fkini Arrenon ortaokul, b\u00fcg\u00fcn m\u00fcze olarak kilise sanat i\u015fliyor ve di\u011ferden, e\u015fki ilkokul.<\/p><\/div><\/div>\n\t\t\t\t\t<\/div>\n\t\t\t\t<\/div>\n\t\t\t\t<\/div>\n\t\t\t\t\t<\/div>\n\t\t<\/div>\n\t\t\t\t\t\t\t<\/div>\n\t\t<\/section>\n\t\t\t\t<section class=\"wd-negative-gap elementor-section elementor-top-section elementor-element elementor-element-358f598 elementor-section-boxed elementor-section-height-default elementor-section-height-default wd-section-disabled\" data-id=\"358f598\" data-element_type=\"section\">\n\t\t\t\t\t\t<div class=\"elementor-container elementor-column-gap-default\">\n\t\t\t\t\t<div class=\"elementor-column elementor-col-100 elementor-top-column elementor-element elementor-element-f2c589c\" data-id=\"f2c589c\" data-element_type=\"column\">\n\t\t\t<div class=\"elementor-widget-wrap elementor-element-populated\">\n\t\t\t\t\t\t\t\t<div class=\"elementor-element elementor-element-f956cef elementor-widget elementor-widget-wd_title\" data-id=\"f956cef\" data-element_type=\"widget\" data-widget_type=\"wd_title.default\">\n\t\t\t\t<div class=\"elementor-widget-container\">\n\t\t\t\t\t\t<link rel=\"stylesheet\" id=\"wd-section-title-css\" href=\"https:\/\/hotelokeanis.gr\/wp-content\/themes\/woodmart\/css\/parts\/el-section-title.min.css?ver=7.0.3\" type=\"text\/css\" media=\"all\" \/> \t\t\t\t\t<div class=\"title-wrapper set-mb-s reset-last-child wd-title-color-default wd-title-style-default wd-title-size-default text-center\">\n\n\t\t\t\n\t\t\t<div class=\"liner-continer\">\n\t\t\t\t<h4 class=\"woodmart-title-container title wd-fontsize-l\">Ne ziyaret edilir<\/h4> \n\t\t\t\t\t\t\t<\/div>\n\n\t\t\t\t\t<\/div>\n\t\t\t\t<\/div>\n\t\t\t\t<\/div>\n\t\t\t\t\t<\/div>\n\t\t<\/div>\n\t\t\t\t\t\t\t<\/div>\n\t\t<\/section>\n\t\t\t\t<section class=\"wd-negative-gap elementor-section elementor-top-section elementor-element elementor-element-93f7661 elementor-section-boxed elementor-section-height-default elementor-section-height-default wd-section-disabled\" data-id=\"93f7661\" data-element_type=\"section\">\n\t\t\t\t\t\t<div class=\"elementor-container elementor-column-gap-default\">\n\t\t\t\t\t<div class=\"elementor-column elementor-col-50 elementor-top-column elementor-element elementor-element-8a6ccaf\" data-id=\"8a6ccaf\" data-element_type=\"column\">\n\t\t\t<div class=\"elementor-widget-wrap elementor-element-populated\">\n\t\t\t\t\t\t\t\t<div class=\"elementor-element elementor-element-238f316 elementor-widget elementor-widget-wd_text_block\" data-id=\"238f316\" data-element_type=\"widget\" data-widget_type=\"wd_text_block.default\">\n\t\t\t\t<div class=\"elementor-widget-container\">\n\t\t\t\t\t<div class=\"wd-text-block reset-last-child text-left\">\n\t\t\t\n\t\t\t\n\t\t\t\t\t<\/div>\n\t\t\t\t<\/div>\n\t\t\t\t<\/div>\n\t\t\t\t<div class=\"elementor-element elementor-element-fd188a6 elementor-widget__width-auto color-scheme-inherit text-left elementor-widget elementor-widget-text-editor\" data-id=\"fd188a6\" data-element_type=\"widget\" data-widget_type=\"text-editor.default\">\n\t\t\t\t<div class=\"elementor-widget-container\">\n\t\t\t\t\t\t\t<p>H<\/p>\t\t\t\t\t\t<\/div>\n\t\t\t\t<\/div>\n\t\t\t\t<div class=\"elementor-element elementor-element-ec276bc elementor-invisible elementor-widget elementor-widget-wd_text_block\" data-id=\"ec276bc\" data-element_type=\"widget\" data-settings=\"{&quot;_animation&quot;:&quot;fadeInRight&quot;}\" data-widget_type=\"wd_text_block.default\">\n\t\t\t\t<div class=\"elementor-widget-container\">\n\t\t\t\t\t<div class=\"wd-text-block reset-last-child text-left\">\n\t\t\t\n\t\t\t<section class=\"elementor-section elementor-top-section elementor-element elementor-element-cb75424 elementor-section-boxed elementor-section-height-default elementor-section-height-default\" data-id=\"cb75424\" data-element_type=\"section\"><div class=\"elementor-container elementor-column-gap-default\"><div class=\"elementor-column elementor-col-100 elementor-top-column elementor-element elementor-element-11aa5e9\" data-id=\"11aa5e9\" data-element_type=\"column\"><div class=\"elementor-widget-wrap elementor-element-populated\"><div class=\"elementor-element elementor-element-1d08808 elementor-widget elementor-widget-text-editor animated fadeInLeft\" data-id=\"1d08808\" data-element_type=\"widget\" data-settings=\"{&quot;_animation&quot;:&quot;fadeInLeft&quot;}\" data-widget_type=\"text-editor.default\"><div class=\"elementor-widget-container\"><section class=\"elementor-section elementor-top-section elementor-element elementor-element-cb75424 elementor-section-boxed elementor-section-height-default elementor-section-height-default\" data-id=\"cb75424\" data-element_type=\"section\"><div class=\"elementor-container elementor-column-gap-default\"><div class=\"elementor-column elementor-col-100 elementor-top-column elementor-element elementor-element-11aa5e9\" data-id=\"11aa5e9\" data-element_type=\"column\"><div class=\"elementor-widget-wrap elementor-element-populated\"><div class=\"elementor-element elementor-element-740cd50 elementor-widget elementor-widget-text-editor animated fadeInLeft\" data-id=\"740cd50\" data-element_type=\"widget\" data-settings=\"{&quot;_animation&quot;:&quot;fadeInLeft&quot;}\" data-widget_type=\"text-editor.default\"><div class=\"elementor-widget-container\"><p>Har\u0131\u00e7 k\u0131y\u0131ndan cadde, Mitropoleos meydan hayran olabiliyorsunuz yap\u0131lar etrafini \u00e7evirdiklerini, ama ve Ermi\u015f Nikolaos kilise etkiledi\u011fini. Ilk nuf\u00fcsler, denizciler meslekte, tap\u0131nak \u00fcretiyorlar ermi\u015finiz itibar etmekler i\u00e7in. Kiliseni biriden \u00e7er\u00e7eveliyorlar, e\u015fkini Arrenon ortaokul, b\u00fcg\u00fcn m\u00fcze olarak kilise sanat i\u015fliyor ve di\u011ferden, e\u015fki ilkokul.<\/p><\/div><\/div><div class=\"elementor-element elementor-element-1d08808 elementor-widget elementor-widget-text-editor animated fadeInLeft\" data-id=\"1d08808\" data-element_type=\"widget\" data-settings=\"{&quot;_animation&quot;:&quot;fadeInLeft&quot;}\" data-widget_type=\"text-editor.default\"><div class=\"elementor-widget-container\"><p>\u015fehir i\u00e7inde \u00fc\u00e7 m\u00fcze \u015fliyorlar: kilisesi, m\u00fcze fiziksel tarihi ve etnoloji\u011fi.<\/p><\/div><\/div><\/div><\/div><\/div><\/section><\/div><\/div><\/div><\/div><\/div><\/section>\n\t\t\t\t\t<\/div>\n\t\t\t\t<\/div>\n\t\t\t\t<\/div>\n\t\t\t\t<div class=\"elementor-element elementor-element-d4a035a elementor-invisible elementor-widget elementor-widget-wd_text_block\" data-id=\"d4a035a\" data-element_type=\"widget\" data-settings=\"{&quot;_animation&quot;:&quot;fadeInRight&quot;}\" data-widget_type=\"wd_text_block.default\">\n\t\t\t\t<div class=\"elementor-widget-container\">\n\t\t\t\t\t<div class=\"wd-text-block reset-last-child text-left\">\n\t\t\t\n\t\t\t<section class=\"elementor-section elementor-top-section elementor-element elementor-element-cb75424 elementor-section-boxed elementor-section-height-default elementor-section-height-default\" data-id=\"cb75424\" data-element_type=\"section\"><div class=\"elementor-container elementor-column-gap-default\"><div class=\"elementor-column elementor-col-100 elementor-top-column elementor-element elementor-element-11aa5e9\" data-id=\"11aa5e9\" data-element_type=\"column\"><div class=\"elementor-widget-wrap elementor-element-populated\"><div class=\"elementor-element elementor-element-1d08808 elementor-widget elementor-widget-text-editor animated fadeInLeft\" data-id=\"1d08808\" data-element_type=\"widget\" data-settings=\"{&quot;_animation&quot;:&quot;fadeInLeft&quot;}\" data-widget_type=\"text-editor.default\"><div class=\"elementor-widget-container\"><p>Her Per\u015fembe, a\u00e7\u0131k hava \u00e7ar\u015f\u0131, e\u015fsiz f\u0131rsat ali\u015fveri\u015f al\u00e7ak fiyat olu\u015fturuyor.<\/p><p>\u00e7evrede b\u00f6lge belediyeni olarak anitler korunan ilan etmi\u015fti \u00f6nemli bir say\u0131 b\u00f6lgesinler daha b\u00fcy\u00fck y\u00fczde hangileri k\u0131y\u0131daki yerleride kest\u0131r\u0131yor.<\/p><p>Dedea\u011fa\u00e7 s\u0131\u011f\u0131nak olarak turizm se\u00e7enek icin sunuyor:<\/p><\/div><\/div><\/div><\/div><\/div><\/section>\n\t\t\t\t\t<\/div>\n\t\t\t\t<\/div>\n\t\t\t\t<\/div>\n\t\t\t\t\t<\/div>\n\t\t<\/div>\n\t\t\t\t<div class=\"elementor-column elementor-col-50 elementor-top-column elementor-element elementor-element-3ff0f55\" data-id=\"3ff0f55\" data-element_type=\"column\">\n\t\t\t<div class=\"elementor-widget-wrap elementor-element-populated\">\n\t\t\t\t\t\t\t\t<div class=\"elementor-element elementor-element-3ad5189 elementor-invisible elementor-widget elementor-widget-wd_image_or_svg\" data-id=\"3ad5189\" data-element_type=\"widget\" data-settings=\"{&quot;_animation&quot;:&quot;fadeInLeft&quot;}\" data-widget_type=\"wd_image_or_svg.default\">\n\t\t\t\t<div class=\"elementor-widget-container\">\n\t\t\t\n\t\t<div class=\"wd-image text-center\">\n\t\t\t\t\t\t\t\t<img loading=\"lazy\" decoding=\"async\" width=\"940\" height=\"788\" src=\"https:\/\/hotelokeanis.gr\/wp-content\/uploads\/2025\/09\/alexandroupoli-periigisi-photografia-2.jpg\" class=\"attachment-full size-full\" alt=\"\" srcset=\"https:\/\/hotelokeanis.gr\/wp-content\/uploads\/2025\/09\/alexandroupoli-periigisi-photografia-2.jpg 940w, https:\/\/hotelokeanis.gr\/wp-content\/uploads\/2025\/09\/alexandroupoli-periigisi-photografia-2-358x300.jpg 358w, https:\/\/hotelokeanis.gr\/wp-content\/uploads\/2025\/09\/alexandroupoli-periigisi-photografia-2-768x644.jpg 768w\" sizes=\"auto, (max-width: 940px) 100vw, 940px\" \/>\t\t\t\t\t<\/div>\n\n\t\t\t\t<\/div>\n\t\t\t\t<\/div>\n\t\t\t\t\t<\/div>\n\t\t<\/div>\n\t\t\t\t\t\t\t<\/div>\n\t\t<\/section>\n\t\t\t\t<section class=\"wd-negative-gap elementor-section elementor-top-section elementor-element elementor-element-5d8015e elementor-section-boxed elementor-section-height-default elementor-section-height-default wd-section-disabled\" data-id=\"5d8015e\" data-element_type=\"section\">\n\t\t\t\t\t\t<div class=\"elementor-container elementor-column-gap-default\">\n\t\t\t\t\t<div class=\"elementor-column elementor-col-33 elementor-top-column elementor-element elementor-element-efe4302\" data-id=\"efe4302\" data-element_type=\"column\">\n\t\t\t<div class=\"elementor-widget-wrap elementor-element-populated\">\n\t\t\t\t\t\t\t\t<div class=\"elementor-element elementor-element-bd8dbd6 elementor-widget elementor-widget-wd_text_block\" data-id=\"bd8dbd6\" data-element_type=\"widget\" data-widget_type=\"wd_text_block.default\">\n\t\t\t\t<div class=\"elementor-widget-container\">\n\t\t\t\t\t<div class=\"wd-text-block reset-last-child text-left\">\n\t\t\t\n\t\t\t<p data-wp-editing=\"1\"><i class=\"fas fa-circle-notch\"><\/i>\n\u015fifal\u0131<\/p>\n\t\t\t\t\t<\/div>\n\t\t\t\t<\/div>\n\t\t\t\t<\/div>\n\t\t\t\t\t<\/div>\n\t\t<\/div>\n\t\t\t\t<div class=\"elementor-column elementor-col-33 elementor-top-column elementor-element elementor-element-b945532\" data-id=\"b945532\" data-element_type=\"column\">\n\t\t\t<div class=\"elementor-widget-wrap elementor-element-populated\">\n\t\t\t\t\t\t\t\t<div class=\"elementor-element elementor-element-29dad95 elementor-widget elementor-widget-wd_text_block\" data-id=\"29dad95\" data-element_type=\"widget\" data-widget_type=\"wd_text_block.default\">\n\t\t\t\t<div class=\"elementor-widget-container\">\n\t\t\t\t\t<div class=\"wd-text-block reset-last-child text-left\">\n\t\t\t\n\t\t\t<p data-wp-editing=\"1\"><i class=\"fas fa-circle-notch\"><\/i>\nda\u011fc\u0131l\u0131k<\/p>\n\t\t\t\t\t<\/div>\n\t\t\t\t<\/div>\n\t\t\t\t<\/div>\n\t\t\t\t\t<\/div>\n\t\t<\/div>\n\t\t\t\t<div class=\"elementor-column elementor-col-33 elementor-top-column elementor-element elementor-element-9ff94fb\" data-id=\"9ff94fb\" data-element_type=\"column\">\n\t\t\t<div class=\"elementor-widget-wrap elementor-element-populated\">\n\t\t\t\t\t\t\t\t<div class=\"elementor-element elementor-element-875d040 elementor-widget elementor-widget-wd_text_block\" data-id=\"875d040\" data-element_type=\"widget\" data-widget_type=\"wd_text_block.default\">\n\t\t\t\t<div class=\"elementor-widget-container\">\n\t\t\t\t\t<div class=\"wd-text-block reset-last-child text-left\">\n\t\t\t\n\t\t\t<p data-wp-editing=\"1\"><i class=\"fas fa-circle-notch\"><\/i>\ndinsel<\/p>\n\t\t\t\t\t<\/div>\n\t\t\t\t<\/div>\n\t\t\t\t<\/div>\n\t\t\t\t\t<\/div>\n\t\t<\/div>\n\t\t\t\t\t\t\t<\/div>\n\t\t<\/section>\n\t\t\t\t<section class=\"wd-negative-gap elementor-section elementor-top-section elementor-element elementor-element-09eeb05 elementor-section-boxed elementor-section-height-default elementor-section-height-default wd-section-disabled\" data-id=\"09eeb05\" data-element_type=\"section\">\n\t\t\t\t\t\t<div class=\"elementor-container elementor-column-gap-default\">\n\t\t\t\t\t<div class=\"elementor-column elementor-col-33 elementor-top-column elementor-element elementor-element-3cfeec8\" data-id=\"3cfeec8\" data-element_type=\"column\">\n\t\t\t<div class=\"elementor-widget-wrap elementor-element-populated\">\n\t\t\t\t\t\t\t\t<div class=\"elementor-element elementor-element-a2101a0 elementor-widget elementor-widget-wd_text_block\" data-id=\"a2101a0\" data-element_type=\"widget\" data-widget_type=\"wd_text_block.default\">\n\t\t\t\t<div class=\"elementor-widget-container\">\n\t\t\t\t\t<div class=\"wd-text-block reset-last-child text-left\">\n\t\t\t\n\t\t\t<p data-wp-editing=\"1\"><i class=\"fas fa-circle-notch\"><\/i>\nekoljik turizm<\/p>\n\t\t\t\t\t<\/div>\n\t\t\t\t<\/div>\n\t\t\t\t<\/div>\n\t\t\t\t\t<\/div>\n\t\t<\/div>\n\t\t\t\t<div class=\"elementor-column elementor-col-33 elementor-top-column elementor-element elementor-element-2c2da0f\" data-id=\"2c2da0f\" data-element_type=\"column\">\n\t\t\t<div class=\"elementor-widget-wrap elementor-element-populated\">\n\t\t\t\t\t\t\t\t<div class=\"elementor-element elementor-element-87c23c4 elementor-widget elementor-widget-wd_text_block\" data-id=\"87c23c4\" data-element_type=\"widget\" data-widget_type=\"wd_text_block.default\">\n\t\t\t\t<div class=\"elementor-widget-container\">\n\t\t\t\t\t<div class=\"wd-text-block reset-last-child text-left\">\n\t\t\t\n\t\t\t<p data-wp-editing=\"1\"><i class=\"fas fa-circle-notch\"><\/i>\ntar\u0131m turizm<\/p>\n\t\t\t\t\t<\/div>\n\t\t\t\t<\/div>\n\t\t\t\t<\/div>\n\t\t\t\t\t<\/div>\n\t\t<\/div>\n\t\t\t\t<div class=\"elementor-column elementor-col-33 elementor-top-column elementor-element elementor-element-ded1836\" data-id=\"ded1836\" data-element_type=\"column\">\n\t\t\t<div class=\"elementor-widget-wrap elementor-element-populated\">\n\t\t\t\t\t\t\t\t<div class=\"elementor-element elementor-element-6fb7332 elementor-widget elementor-widget-wd_text_block\" data-id=\"6fb7332\" data-element_type=\"widget\" data-widget_type=\"wd_text_block.default\">\n\t\t\t\t<div class=\"elementor-widget-container\">\n\t\t\t\t\t<div class=\"wd-text-block reset-last-child text-left\">\n\t\t\t\n\t\t\t<p data-wp-editing=\"1\"><i class=\"fas fa-circle-notch\"><\/i>\nbi\u015fiklet\u00e7ilik<\/p>\n\t\t\t\t\t<\/div>\n\t\t\t\t<\/div>\n\t\t\t\t<\/div>\n\t\t\t\t\t<\/div>\n\t\t<\/div>\n\t\t\t\t\t\t\t<\/div>\n\t\t<\/section>\n\t\t\t\t<section class=\"wd-negative-gap elementor-section elementor-top-section elementor-element elementor-element-20fe884 elementor-section-boxed elementor-section-height-default elementor-section-height-default wd-section-disabled\" data-id=\"20fe884\" data-element_type=\"section\">\n\t\t\t\t\t\t<div class=\"elementor-container elementor-column-gap-default\">\n\t\t\t\t\t<div class=\"elementor-column elementor-col-33 elementor-top-column elementor-element elementor-element-f6463bd\" data-id=\"f6463bd\" data-element_type=\"column\">\n\t\t\t<div class=\"elementor-widget-wrap elementor-element-populated\">\n\t\t\t\t\t\t\t\t<div class=\"elementor-element elementor-element-b4517d9 elementor-widget elementor-widget-wd_text_block\" data-id=\"b4517d9\" data-element_type=\"widget\" data-widget_type=\"wd_text_block.default\">\n\t\t\t\t<div class=\"elementor-widget-container\">\n\t\t\t\t\t<div class=\"wd-text-block reset-last-child text-left\">\n\t\t\t\n\t\t\t<p data-wp-editing=\"1\"><i class=\"fas fa-circle-notch\"><\/i>\nkanoe kayak<\/p>\n\t\t\t\t\t<\/div>\n\t\t\t\t<\/div>\n\t\t\t\t<\/div>\n\t\t\t\t\t<\/div>\n\t\t<\/div>\n\t\t\t\t<div class=\"elementor-column elementor-col-33 elementor-top-column elementor-element elementor-element-c859dde\" data-id=\"c859dde\" data-element_type=\"column\">\n\t\t\t<div class=\"elementor-widget-wrap\">\n\t\t\t\t\t\t\t\t\t<\/div>\n\t\t<\/div>\n\t\t\t\t<div class=\"elementor-column elementor-col-33 elementor-top-column elementor-element elementor-element-0c6417f\" data-id=\"0c6417f\" data-element_type=\"column\">\n\t\t\t<div class=\"elementor-widget-wrap\">\n\t\t\t\t\t\t\t\t\t<\/div>\n\t\t<\/div>\n\t\t\t\t\t\t\t<\/div>\n\t\t<\/section>\n\t\t\t\t\t\t\t<\/div>\n\t\t","protected":false},"excerpt":{"rendered":"<p>A Dedea\u011fa\u00e7 trakya\u2019n\u0131n ba\u015fkentdir ve m\u00fckkemeldir kalk\u0131\u015f yeri kim\u015fe geni\u015f b\u00f6lge tan\u0131mak i\u00e7in. Yakla\u015f\u0131k 70.000 n\u00fcfus var, sembol ile sehiri<\/p>\n","protected":false},"author":1,"featured_media":0,"parent":0,"menu_order":0,"comment_status":"closed","ping_status":"closed","template":"","meta":{"footnotes":""},"class_list":["post-11690","page","type-page","status-publish","hentry"],"_links":{"self":[{"href":"https:\/\/hotelokeanis.gr\/index.php\/wp-json\/wp\/v2\/pages\/11690","targetHints":{"allow":["GET"]}}],"collection":[{"href":"https:\/\/hotelokeanis.gr\/index.php\/wp-json\/wp\/v2\/pages"}],"about":[{"href":"https:\/\/hotelokeanis.gr\/index.php\/wp-json\/wp\/v2\/types\/page"}],"author":[{"embeddable":true,"href":"https:\/\/hotelokeanis.gr\/index.php\/wp-json\/wp\/v2\/users\/1"}],"replies":[{"embeddable":true,"href":"https:\/\/hotelokeanis.gr\/index.php\/wp-json\/wp\/v2\/comments?post=11690"}],"version-history":[{"count":22,"href":"https:\/\/hotelokeanis.gr\/index.php\/wp-json\/wp\/v2\/pages\/11690\/revisions"}],"predecessor-version":[{"id":11718,"href":"https:\/\/hotelokeanis.gr\/index.php\/wp-json\/wp\/v2\/pages\/11690\/revisions\/11718"}],"wp:attachment":[{"href":"https:\/\/hotelokeanis.gr\/index.php\/wp-json\/wp\/v2\/media?parent=11690"}],"curies":[{"name":"wp","href":"https:\/\/api.w.org\/{rel}","templated":true}]}}